{"id":87,"date":"2024-11-17T17:55:43","date_gmt":"2024-11-17T16:55:43","guid":{"rendered":"https:\/\/www.tournesols.ch\/?page_id=87"},"modified":"2024-11-17T17:58:17","modified_gmt":"2024-11-17T16:58:17","slug":"liens","status":"publish","type":"page","link":"https:\/\/tournesols.ch\/index.php\/liens\/","title":{"rendered":"Liens"},"content":{"rendered":"\n<h2 class=\"wp-block-heading\"><strong>Quelques liens&nbsp;<\/strong><\/h2>\n\n\n\n<p><a href=\"https:\/\/www.psychomotricite-suisse.ch\/\">D\u00e9finitions et informations sur la psychomotricit\u00e9 (association des th\u00e9rapeutes en psychomotricit\u00e9).<\/a><\/p>\n\n\n\n<p><a href=\"https:\/\/www.hesge.ch\/hets\/formations\/master-psychomotricite\">Des informations sur la formation en psychomotricit\u00e9 (HETS Gen\u00e8ve).<\/a><\/p>\n\n\n\n<p><a href=\"https:\/\/www.paprica.ch\/category\/part_cat\/petite-enfance\/\">Comment bouger avec son enfant ? Voici cinq d\u00e9pliants \u00e0 t\u00e9l\u00e9charger qui vous sont propos\u00e9s par Paprica.<\/a><\/p>\n\n\n\n<p><a href=\"https:\/\/www.ge.ch\/organisation\/service-pedagogie-specialisee\">Secr\u00e9tariat \u00e0 la p\u00e9dagogie sp\u00e9cialis\u00e9e (SPS Gen\u00e8ve)<\/a><\/p>\n\n\n\n<p><\/p>\n","protected":false},"excerpt":{"rendered":"<p>Quelques liens&nbsp; D\u00e9finitions et informations sur la psychomotricit\u00e9 (association des th\u00e9rapeutes en psychomotricit\u00e9). Des informations sur la formation en psychomotricit\u00e9 (HETS Gen\u00e8ve). Comment bouger avec son enfant ? Voici cinq d\u00e9pliants \u00e0 t\u00e9l\u00e9charger qui vous sont propos\u00e9s par Paprica. Secr\u00e9tariat \u00e0 la p\u00e9dagogie sp\u00e9cialis\u00e9e (SPS Gen\u00e8ve)<\/p>\n","protected":false},"author":1,"featured_media":0,"parent":0,"menu_order":1,"comment_status":"closed","ping_status":"closed","template":"","meta":{"_et_pb_use_builder":"","_et_pb_old_content":"","_et_gb_content_width":"","footnotes":""},"class_list":["post-87","page","type-page","status-publish","hentry"],"_links":{"self":[{"href":"https:\/\/tournesols.ch\/index.php\/wp-json\/wp\/v2\/pages\/87","targetHints":{"allow":["GET"]}}],"collection":[{"href":"https:\/\/tournesols.ch\/index.php\/wp-json\/wp\/v2\/pages"}],"about":[{"href":"https:\/\/tournesols.ch\/index.php\/wp-json\/wp\/v2\/types\/page"}],"author":[{"embeddable":true,"href":"https:\/\/tournesols.ch\/index.php\/wp-json\/wp\/v2\/users\/1"}],"replies":[{"embeddable":true,"href":"https:\/\/tournesols.ch\/index.php\/wp-json\/wp\/v2\/comments?post=87"}],"version-history":[{"count":2,"href":"https:\/\/tournesols.ch\/index.php\/wp-json\/wp\/v2\/pages\/87\/revisions"}],"predecessor-version":[{"id":90,"href":"https:\/\/tournesols.ch\/index.php\/wp-json\/wp\/v2\/pages\/87\/revisions\/90"}],"wp:attachment":[{"href":"https:\/\/tournesols.ch\/index.php\/wp-json\/wp\/v2\/media?parent=87"}],"curies":[{"name":"wp","href":"https:\/\/api.w.org\/{rel}","templated":true}]}}